{"id":6,"date":"2019-11-14T11:23:17","date_gmt":"2019-11-14T09:23:17","guid":{"rendered":"https:\/\/kohtiammattia.riveria.fi\/?page_id=6"},"modified":"2019-12-09T14:22:23","modified_gmt":"2019-12-09T12:22:23","slug":"elementor-6","status":"publish","type":"page","link":"https:\/\/kohtiammattia.riveria.fi\/?page_id=6","title":{"rendered":"Riveria"},"content":{"rendered":"\t\t<div data-elementor-type=\"wp-page\" data-elementor-id=\"6\" class=\"elementor elementor-6\">\n\t\t\t\t\t\t<section class=\"elementor-section elementor-top-section elementor-element elementor-element-846ac01 elementor-section-boxed elementor-section-height-default elementor-section-height-default\" data-id=\"846ac01\" data-element_type=\"section\" data-e-type=\"section\">\n\t\t\t\t\t\t<div class=\"elementor-container elementor-column-gap-default\">\n\t\t\t\t\t<div class=\"elementor-column elementor-col-100 elementor-top-column elementor-element elementor-element-c7bcc19\" data-id=\"c7bcc19\" data-element_type=\"column\" data-e-type=\"column\">\n\t\t\t<div class=\"elementor-widget-wrap elementor-element-populated\">\n\t\t\t\t\t\t<div class=\"elementor-element elementor-element-4618328 elementor-widget elementor-widget-text-editor\" data-id=\"4618328\" data-element_type=\"widget\" data-e-type=\"widget\" data-widget_type=\"text-editor.default\">\n\t\t\t\t<div class=\"elementor-widget-container\">\n\t\t\t\t\t\t\t\t\t<p><a href=\"https:\/\/kohtiammattia.riveria.fi\/wp-content\/uploads\/2019\/12\/Riveria_logo_musta.png\"><img decoding=\"async\" class=\"alignleft wp-image-348 size-medium\" src=\"https:\/\/kohtiammattia.riveria.fi\/wp-content\/uploads\/2019\/12\/Riveria_logo_musta-300x131.png\" alt=\"\" width=\"300\" height=\"131\" srcset=\"https:\/\/kohtiammattia.riveria.fi\/wp-content\/uploads\/2019\/12\/Riveria_logo_musta-300x131.png 300w, https:\/\/kohtiammattia.riveria.fi\/wp-content\/uploads\/2019\/12\/Riveria_logo_musta.png 426w\" sizes=\"(max-width: 300px) 100vw, 300px\" \/><\/a>Pohjois-Karjalan koulutuskuntayhtym\u00e4ss\u00e4 on yksi oppilaitos, jonka nimi on Riveria. Oppilaitoksella on toimipisteit\u00e4 Joensuussa, Kiteell\u00e4, Lieksassa, Nurmeksessa, Outokummussa ja Valtimolla.<br \/>Riveria j\u00e4rjest\u00e4\u00e4 Pohjois-Karjalan alueella monialaista <a href=\"https:\/\/www.riveria.fi\/\">ammatillista koulutusta<\/a> (perus-, ammatti- ja erikoisammattitutkintoja). Lis\u00e4ksi j\u00e4rjestet\u00e4\u00e4n ty\u00f6voimakoulutusta ja t\u00e4ydennyskoulutusta.<br \/>Riverian teht\u00e4v\u00e4n\u00e4 on valmentaa tulevaisuuden osaajia yhdess\u00e4 ty\u00f6el\u00e4m\u00e4n kanssa. Ty\u00f6el\u00e4m\u00e4yhteisty\u00f6 on Riverian toiminnan vahva perusta.<\/p><p>Vuosittain Riveriassa opiskelee yli 15 000 nuorta ja aikuista (2019). Asiantuntevaa henkil\u00f6st\u00f6\u00e4 on noin 750. Valtaosa opiskelijoista sijoittuu opintojen j\u00e4lkeen Pohjois-Karjalaan yll\u00e4pit\u00e4m\u00e4\u00e4n ja kehitt\u00e4m\u00e4\u00e4n alueen hyvinvointia.<\/p><p>Lis\u00e4tietoa organisaatiosta: <b><a href=\"http:\/\/www.riveria.fi\/riveria\/\">www.riveria.fi\/riveria\/<\/a><\/b><\/p>\t\t\t\t\t\t\t\t<\/div>\n\t\t\t\t<\/div>\n\t\t\t\t\t<\/div>\n\t\t<\/div>\n\t\t\t\t\t<\/div>\n\t\t<\/section>\n\t\t\t\t<\/div>\n\t\t","protected":false},"excerpt":{"rendered":"<p>Pohjois-Karjalan koulutuskuntayhtym\u00e4ss\u00e4 on yksi oppilaitos, jonka nimi on Riveria. Oppilaitoksella on toimipisteit\u00e4 Joensuussa, Kiteell\u00e4, Lieksassa, Nurmeksessa, Outokummussa ja Valtimolla.Riveria j\u00e4rjest\u00e4\u00e4 Pohjois-Karjalan alueella monialaista ammatillista koulutusta (perus-, ammatti- ja erikoisammattitutkintoja). Lis\u00e4ksi j\u00e4rjestet\u00e4\u00e4n ty\u00f6voimakoulutusta ja t\u00e4ydennyskoulutusta.Riverian teht\u00e4v\u00e4n\u00e4 on valmentaa tulevaisuuden osaajia yhdess\u00e4 ty\u00f6el\u00e4m\u00e4n kanssa. Ty\u00f6el\u00e4m\u00e4yhteisty\u00f6 on Riverian toiminnan vahva perusta. Vuosittain Riveriassa opiskelee yli 15 000 nuorta [&hellip;]<\/p>\n","protected":false},"author":1,"featured_media":0,"parent":0,"menu_order":0,"comment_status":"closed","ping_status":"closed","template":"","meta":{"content-type":"","footnotes":""},"class_list":["post-6","page","type-page","status-publish","hentry"],"_links":{"self":[{"href":"https:\/\/kohtiammattia.riveria.fi\/index.php?rest_route=\/wp\/v2\/pages\/6","targetHints":{"allow":["GET"]}}],"collection":[{"href":"https:\/\/kohtiammattia.riveria.fi\/index.php?rest_route=\/wp\/v2\/pages"}],"about":[{"href":"https:\/\/kohtiammattia.riveria.fi\/index.php?rest_route=\/wp\/v2\/types\/page"}],"author":[{"embeddable":true,"href":"https:\/\/kohtiammattia.riveria.fi\/index.php?rest_route=\/wp\/v2\/users\/1"}],"replies":[{"embeddable":true,"href":"https:\/\/kohtiammattia.riveria.fi\/index.php?rest_route=%2Fwp%2Fv2%2Fcomments&post=6"}],"version-history":[{"count":6,"href":"https:\/\/kohtiammattia.riveria.fi\/index.php?rest_route=\/wp\/v2\/pages\/6\/revisions"}],"predecessor-version":[{"id":351,"href":"https:\/\/kohtiammattia.riveria.fi\/index.php?rest_route=\/wp\/v2\/pages\/6\/revisions\/351"}],"wp:attachment":[{"href":"https:\/\/kohtiammattia.riveria.fi\/index.php?rest_route=%2Fwp%2Fv2%2Fmedia&parent=6"}],"curies":[{"name":"wp","href":"https:\/\/api.w.org\/{rel}","templated":true}]}}