{"id":23,"date":"2019-11-14T11:35:34","date_gmt":"2019-11-14T09:35:34","guid":{"rendered":"https:\/\/kohtiammattia.riveria.fi\/?page_id=23"},"modified":"2020-05-18T12:13:04","modified_gmt":"2020-05-18T09:13:04","slug":"osa-2-osaaminen-vahvuudet-ja-itsetuntemus","status":"publish","type":"page","link":"https:\/\/kohtiammattia.riveria.fi\/?page_id=23","title":{"rendered":"OSA 2 Min\u00e4 olen"},"content":{"rendered":"\t\t<div data-elementor-type=\"wp-page\" data-elementor-id=\"23\" class=\"elementor elementor-23\">\n\t\t\t\t\t\t<section class=\"elementor-section elementor-top-section elementor-element elementor-element-7e0235e elementor-section-boxed elementor-section-height-default elementor-section-height-default\" data-id=\"7e0235e\" data-element_type=\"section\" data-e-type=\"section\">\n\t\t\t\t\t\t<div class=\"elementor-container elementor-column-gap-narrow\">\n\t\t\t\t\t<div class=\"elementor-column elementor-col-100 elementor-top-column elementor-element elementor-element-bf169d3\" data-id=\"bf169d3\" data-element_type=\"column\" data-e-type=\"column\">\n\t\t\t<div class=\"elementor-widget-wrap elementor-element-populated\">\n\t\t\t\t\t\t<div class=\"elementor-element elementor-element-7d28cfd elementor-widget elementor-widget-text-editor\" data-id=\"7d28cfd\" data-element_type=\"widget\" data-e-type=\"widget\" data-widget_type=\"text-editor.default\">\n\t\t\t\t<div class=\"elementor-widget-container\">\n\t\t\t\t\t\t\t\t\t<h5>Itsetuntemus<\/h5><p><strong>Itsetuntemus on sit\u00e4, ett\u00e4 tiet\u00e4\u00e4 kuka ja millainen on ihmisen\u00e4. Itsetuntemus vaikuttaa hyvinvointiin, auttaa ymm\u00e4rt\u00e4m\u00e4\u00e4n itse\u00e4 ja omaa toimintaa. Omien vahvuuksien tunnistaminen ja itsens\u00e4 kehitt\u00e4minen tukevat hyv\u00e4\u00e4 itsetuntoa.<\/strong><\/p><p>My\u00f6s ammatinvalinnan n\u00e4k\u00f6kulmasta on t\u00e4rke\u00e4\u00e4 ymm\u00e4rt\u00e4\u00e4, millainen on ihmisen\u00e4 sek\u00e4 mitk\u00e4 ovat omat vahvuudet ja heikkoudet. Millaisessa ty\u00f6ss\u00e4 voisi viihty\u00e4 ja millaisia asioita arvostaa? Mit\u00e4 odottaa tulevalta ty\u00f6lt\u00e4?<\/p><p>Katso allaoleva video <b>Urapolulla, itseluottamus<\/b><\/p>\t\t\t\t\t\t\t\t<\/div>\n\t\t\t\t<\/div>\n\t\t\t\t<div class=\"elementor-element elementor-element-bfae4a5 elementor-widget__width-initial elementor-widget elementor-widget-video\" data-id=\"bfae4a5\" data-element_type=\"widget\" data-e-type=\"widget\" data-settings=\"{&quot;youtube_url&quot;:&quot;https:\\\/\\\/youtu.be\\\/6ITQpGiK-LQ&quot;,&quot;video_type&quot;:&quot;youtube&quot;,&quot;controls&quot;:&quot;yes&quot;}\" data-widget_type=\"video.default\">\n\t\t\t\t<div class=\"elementor-widget-container\">\n\t\t\t\t\t\t\t<div class=\"elementor-wrapper elementor-open-inline\">\n\t\t\t<div class=\"elementor-video\"><\/div>\t\t<\/div>\n\t\t\t\t\t\t<\/div>\n\t\t\t\t<\/div>\n\t\t\t\t\t<\/div>\n\t\t<\/div>\n\t\t\t\t\t<\/div>\n\t\t<\/section>\n\t\t\t\t<section class=\"elementor-section elementor-top-section elementor-element elementor-element-42bdb4b elementor-section-boxed elementor-section-height-default elementor-section-height-default\" data-id=\"42bdb4b\" data-element_type=\"section\" data-e-type=\"section\">\n\t\t\t\t\t\t<div class=\"elementor-container elementor-column-gap-default\">\n\t\t\t\t\t<div class=\"elementor-column elementor-col-100 elementor-top-column elementor-element elementor-element-4c7b15d\" data-id=\"4c7b15d\" data-element_type=\"column\" data-e-type=\"column\">\n\t\t\t<div class=\"elementor-widget-wrap elementor-element-populated\">\n\t\t\t\t\t\t<div class=\"elementor-element elementor-element-a5f5a58 elementor-tabs-view-horizontal elementor-widget elementor-widget-tabs\" data-id=\"a5f5a58\" data-element_type=\"widget\" data-e-type=\"widget\" data-widget_type=\"tabs.default\">\n\t\t\t\t<div class=\"elementor-widget-container\">\n\t\t\t\t\t\t\t<div class=\"elementor-tabs\">\n\t\t\t<div class=\"elementor-tabs-wrapper\" role=\"tablist\" >\n\t\t\t\t\t\t\t\t\t<div id=\"elementor-tab-title-1741\" class=\"elementor-tab-title elementor-tab-desktop-title\" aria-selected=\"true\" data-tab=\"1\" role=\"tab\" tabindex=\"0\" aria-controls=\"elementor-tab-content-1741\" aria-expanded=\"false\">Persoonallisuus<\/div>\n\t\t\t\t\t\t\t\t\t<div id=\"elementor-tab-title-1742\" class=\"elementor-tab-title elementor-tab-desktop-title\" aria-selected=\"false\" data-tab=\"2\" role=\"tab\" tabindex=\"-1\" aria-controls=\"elementor-tab-content-1742\" aria-expanded=\"false\">Kiinnostukset<\/div>\n\t\t\t\t\t\t\t\t\t<div id=\"elementor-tab-title-1743\" class=\"elementor-tab-title elementor-tab-desktop-title\" aria-selected=\"false\" data-tab=\"3\" role=\"tab\" tabindex=\"-1\" aria-controls=\"elementor-tab-content-1743\" aria-expanded=\"false\">Vahvuudet<\/div>\n\t\t\t\t\t\t\t<\/div>\n\t\t\t<div class=\"elementor-tabs-content-wrapper\" role=\"tablist\" aria-orientation=\"vertical\">\n\t\t\t\t\t\t\t\t\t<div class=\"elementor-tab-title elementor-tab-mobile-title\" aria-selected=\"true\" data-tab=\"1\" role=\"tab\" tabindex=\"0\" aria-controls=\"elementor-tab-content-1741\" aria-expanded=\"false\">Persoonallisuus<\/div>\n\t\t\t\t\t<div id=\"elementor-tab-content-1741\" class=\"elementor-tab-content elementor-clearfix\" data-tab=\"1\" role=\"tabpanel\" aria-labelledby=\"elementor-tab-title-1741\" tabindex=\"0\" hidden=\"false\"><h5>Persoonallisuus<\/h5>\nPersoonallisuus- ja itsetuntemustestien avulla voit lis\u00e4t\u00e4 omaa itsetuntemustasi. Voit tehd\u00e4 yhden tai useamman testin.\n<ul>\n \t<li><a href=\"https:\/\/www.vastaamo.fi\/persoonallisuus\/\" target=\"_blank\" rel=\"noopener\">Persoonallisuuden piirteet BigFive. Sivustolla voit tehd\u00e4 persoonallisuustestin ja itsetuntemustestin.<\/a><\/li>\n \t<li><a href=\"https:\/\/www.namaste.fi\/.fi\/enneagrammi\" target=\"_blank\" rel=\"noopener\">Tunnista itsesi -persoonallisuustesti<\/a><\/li>\n \t<li><a href=\"https:\/\/www.16personalities.com\/fi\" target=\"_blank\" rel=\"noopener\">Testi eri persoonallisuustyypeist\u00e4, analyysi<\/a><\/li>\n \t<li><a href=\"https:\/\/duunitori.fi\/tyyppitesti\/\" target=\"_blank\" rel=\"noopener\">Millainen ihmistyyppi olet?<\/a><\/li>\n \t<li><a href=\"https:\/\/www.viacharacter.org\/Survey\/Account\/Register\">VIA Luonteenvahvuusmittari<\/a>\n<p style=\"font-size:11px\"> T\u00e4m\u00e4n testin avulla voit kartoittaa luonteenvahvuuksiasi. Sivustolta l\u00f6ytyy kaksi testi\u00e4. Kyselyt 10-17-vuotiaille (alle 16-vuotiaan t\u00e4ytyy kirjautua yhdess\u00e4 aikuisen kanssa) ja yli 18-vuotiaille. Etusivu on englanninkielinen, mutta itse testi on suomenkielinen (valitse kieli). Sivustolle t\u00e4ytyy kirjautua s\u00e4hk\u00f6postiosoitteella. Verkkokyselylomakkeessa on 96 v\u00e4itt\u00e4m\u00e4\u00e4, joihin vastataan viisiportaisella asteikolla. Esim. kuvaa minua hyvin \u2013 ei kuvaa minua lainkaan. Luonteenvahvuuksia testiss\u00e4 on 24.<\/p><\/li>\n<\/ul><\/div>\n\t\t\t\t\t\t\t\t\t<div class=\"elementor-tab-title elementor-tab-mobile-title\" aria-selected=\"false\" data-tab=\"2\" role=\"tab\" tabindex=\"-1\" aria-controls=\"elementor-tab-content-1742\" aria-expanded=\"false\">Kiinnostukset<\/div>\n\t\t\t\t\t<div id=\"elementor-tab-content-1742\" class=\"elementor-tab-content elementor-clearfix\" data-tab=\"2\" role=\"tabpanel\" aria-labelledby=\"elementor-tab-title-1742\" tabindex=\"0\" hidden=\"hidden\"><h5>Kiinnostukset<\/h5><p><strong>Omat kiinnostuksen kohteet sek\u00e4 niiden tunnistaminen.<\/strong><\/p><ul><li>Pohdi mitk\u00e4 asiat kiinnostavat tai ilahduttavat sinua?<\/li><li>Mist\u00e4 erityisesti pid\u00e4t?<\/li><li>Mit\u00e4 teet mielell\u00e4si?<\/li><li>Voit k\u00e4ytt\u00e4\u00e4 apuna alla olevaa sanapilve\u00e4<\/li><\/ul><p><strong>Esimerkkej\u00e4 kiinnostuksen kohteista<\/strong><\/p><p><strong><a href=\"https:\/\/kohtiammattia.riveria.fi\/wp-content\/uploads\/2019\/11\/wordcloud.png\"><img fetchpriority=\"high\" decoding=\"async\" class=\"aligncenter wp-image-272 size-full\" src=\"https:\/\/kohtiammattia.riveria.fi\/wp-content\/uploads\/2019\/11\/wordcloud.png\" alt=\"\" width=\"800\" height=\"600\" srcset=\"https:\/\/kohtiammattia.riveria.fi\/wp-content\/uploads\/2019\/11\/wordcloud.png 800w, https:\/\/kohtiammattia.riveria.fi\/wp-content\/uploads\/2019\/11\/wordcloud-300x225.png 300w, https:\/\/kohtiammattia.riveria.fi\/wp-content\/uploads\/2019\/11\/wordcloud-768x576.png 768w\" sizes=\"(max-width: 800px) 100vw, 800px\" \/><\/a><\/strong><\/p>\n<div class=\"wpcf7 no-js\" id=\"wpcf7-f433-p23-o1\" lang=\"fi\" dir=\"ltr\" data-wpcf7-id=\"433\">\n<div class=\"screen-reader-response\"><p role=\"status\" aria-live=\"polite\" aria-atomic=\"true\"><\/p> <ul><\/ul><\/div>\n<form action=\"\/?page_id=23#wpcf7-f433-p23-o1\" method=\"post\" class=\"wpcf7-form init\" aria-label=\"Yhteydenottolomake\" novalidate=\"novalidate\" data-status=\"init\">\n<fieldset class=\"hidden-fields-container\"><input type=\"hidden\" name=\"_wpcf7\" value=\"433\" \/><input type=\"hidden\" name=\"_wpcf7_version\" value=\"6.1.5\" \/><input type=\"hidden\" name=\"_wpcf7_locale\" value=\"fi\" \/><input type=\"hidden\" name=\"_wpcf7_unit_tag\" value=\"wpcf7-f433-p23-o1\" \/><input type=\"hidden\" name=\"_wpcf7_container_post\" value=\"23\" \/><input type=\"hidden\" name=\"_wpcf7_posted_data_hash\" value=\"\" \/><input type=\"hidden\" name=\"_wpcf7_recaptcha_response\" value=\"\" \/>\n<\/fieldset>\n<p>Opiskelijan nimi: <span class=\"wpcf7-form-control-wrap\" data-name=\"nimi\"><input size=\"40\" maxlength=\"400\" class=\"wpcf7-form-control wpcf7-text wpcf7-validates-as-required\" aria-required=\"true\" aria-invalid=\"false\" value=\"\" type=\"text\" name=\"nimi\" \/><\/span><br \/>\nS\u00e4hk\u00f6posti, johon viesti l\u00e4hetet\u00e4\u00e4n: <span class=\"wpcf7-form-control-wrap\" data-name=\"email-711\"><input size=\"40\" maxlength=\"400\" class=\"wpcf7-form-control wpcf7-email wpcf7-validates-as-required wpcf7-text wpcf7-validates-as-email\" aria-required=\"true\" aria-invalid=\"false\" value=\"\" type=\"email\" name=\"email-711\" \/><\/span>\n<\/p>\n<p><label> Kiinnostukset:<br \/>\n<span class=\"wpcf7-form-control-wrap\" data-name=\"your-message\"><textarea cols=\"40\" rows=\"10\" maxlength=\"2000\" class=\"wpcf7-form-control wpcf7-textarea\" aria-invalid=\"false\" name=\"your-message\"><\/textarea><\/span> <\/label>\n<\/p>\n<span class=\"wpcf7-form-control-wrap recaptcha\" data-name=\"recaptcha\"><span data-sitekey=\"6LeOnvkUAAAAAJeGbMSoQ24x21-uSvajm00IjnSE\" class=\"wpcf7-form-control wpcf7-recaptcha g-recaptcha\"><\/span>\r\n<noscript>\r\n\t<div class=\"grecaptcha-noscript\">\r\n\t\t<iframe src=\"https:\/\/www.recaptcha.net\/recaptcha\/api\/fallback?k=6LeOnvkUAAAAAJeGbMSoQ24x21-uSvajm00IjnSE\" frameborder=\"0\" scrolling=\"no\" width=\"310\" height=\"430\">\r\n\t\t<\/iframe>\r\n\t\t<textarea name=\"g-recaptcha-response\" rows=\"3\" cols=\"40\" placeholder=\"reCaptcha Response Here\">\r\n\t\t<\/textarea>\r\n\t<\/div>\r\n<\/noscript>\r\n<\/span>\n<p><input class=\"wpcf7-form-control wpcf7-submit has-spinner\" type=\"submit\" value=\"L\u00e4het\u00e4\" \/><br \/>\nL\u00e4het\u00e4 vastauksesi omaan s\u00e4hk\u00f6postiin ja tallenna teht\u00e4v\u00e4 itsellesi.\n<\/p><div class=\"wpcf7-response-output\" aria-hidden=\"true\"><\/div>\n<\/form>\n<\/div>\n<\/div>\n\t\t\t\t\t\t\t\t\t<div class=\"elementor-tab-title elementor-tab-mobile-title\" aria-selected=\"false\" data-tab=\"3\" role=\"tab\" tabindex=\"-1\" aria-controls=\"elementor-tab-content-1743\" aria-expanded=\"false\">Vahvuudet<\/div>\n\t\t\t\t\t<div id=\"elementor-tab-content-1743\" class=\"elementor-tab-content elementor-clearfix\" data-tab=\"3\" role=\"tabpanel\" aria-labelledby=\"elementor-tab-title-1743\" tabindex=\"0\" hidden=\"hidden\"><h5>Vahvuudet<\/h5><p>Omat vahvuudet ja lahjakkuudet on hyv\u00e4 selvitt\u00e4\u00e4, ett\u00e4 tuntee itsens\u00e4. Vahvuudet ovat erilaisia taitoja ja luonteenpiirteit\u00e4. Ne kehittyv\u00e4t harjoittelemalla ja vuorovaikutuksessa toisten kanssa. Jokainen on hyv\u00e4 jossakin. Vahvuuksien huomaaminen ei poista heikkouksia, eik\u00e4 kiist\u00e4 niiden olemassaoloa. Keskittyminen omiin vahvuuksiin tuottaa el\u00e4m\u00e4ss\u00e4 kuitenkin parempaa tulosta kuin heikkouksien etsiminen. Vahvuuksien k\u00e4ytt\u00e4minen my\u00f6s innostaa ja antaa energiaa. Niit\u00e4 tunnistaessaan kannattaa tutkia asioita, jotka vet\u00e4v\u00e4t puoleensa, joihin uppoutuu helposti tai joissa on ollut erityisen taitava (oma kokemus tai jonkun toisen huomio).<\/p><p><b>Mieti vahvuuksiasi seuraavien kysymysten avulla. Kirjoita vastauksesi tyhjiin kenttiin. Voit hy\u00f6dynt\u00e4\u00e4 teht\u00e4v\u00e4ss\u00e4 t\u00e4m\u00e4n sivun lopussa olevaa luetteloa vahvuuksista.<br \/><\/b><\/p>\n<div class=\"wpcf7 no-js\" id=\"wpcf7-f333-p23-o2\" lang=\"fi\" dir=\"ltr\" data-wpcf7-id=\"333\">\n<div class=\"screen-reader-response\"><p role=\"status\" aria-live=\"polite\" aria-atomic=\"true\"><\/p> <ul><\/ul><\/div>\n<form action=\"\/?page_id=23#wpcf7-f333-p23-o2\" method=\"post\" class=\"wpcf7-form init\" aria-label=\"Yhteydenottolomake\" novalidate=\"novalidate\" data-status=\"init\">\n<fieldset class=\"hidden-fields-container\"><input type=\"hidden\" name=\"_wpcf7\" value=\"333\" \/><input type=\"hidden\" name=\"_wpcf7_version\" value=\"6.1.5\" \/><input type=\"hidden\" name=\"_wpcf7_locale\" value=\"fi\" \/><input type=\"hidden\" name=\"_wpcf7_unit_tag\" value=\"wpcf7-f333-p23-o2\" \/><input type=\"hidden\" name=\"_wpcf7_container_post\" value=\"23\" \/><input type=\"hidden\" name=\"_wpcf7_posted_data_hash\" value=\"\" \/><input type=\"hidden\" name=\"_wpcf7_recaptcha_response\" value=\"\" \/>\n<\/fieldset>\n<p>Opiskelijan nimi: <span class=\"wpcf7-form-control-wrap\" data-name=\"nimi\"><input size=\"40\" maxlength=\"400\" class=\"wpcf7-form-control wpcf7-text wpcf7-validates-as-required\" aria-required=\"true\" aria-invalid=\"false\" value=\"\" type=\"text\" name=\"nimi\" \/><\/span><br \/>\nS\u00e4hk\u00f6posti, josta viesti l\u00e4hetetty: <span class=\"wpcf7-form-control-wrap\" data-name=\"yourname\"><input size=\"40\" maxlength=\"400\" class=\"wpcf7-form-control wpcf7-email wpcf7-validates-as-required wpcf7-text wpcf7-validates-as-email\" aria-required=\"true\" aria-invalid=\"false\" value=\"\" type=\"email\" name=\"yourname\" \/><\/span>\n<\/p>\n<p><label> <b>Vahvuudet tulevat osittain esille jo lapsuudessa. Mit\u00e4 muistat tehneesi mielell\u00e4si jo lapsena tai miss\u00e4 asioissa olit hyv\u00e4 lapsena?<\/b><br \/>\n<span class=\"wpcf7-form-control-wrap\" data-name=\"vahvuudet_lapsena\"><textarea cols=\"40\" rows=\"4\" maxlength=\"2000\" class=\"wpcf7-form-control wpcf7-textarea\" aria-invalid=\"false\" name=\"vahvuudet_lapsena\"><\/textarea><\/span> <\/label>\n<\/p>\n<p><label> <b>Miss\u00e4 tilanteissa tunnet olosi mukavaksi tai koet olevasi oma itsesi?<\/b><br \/>\n\u00b7 Yksin vai yhdess\u00e4 toisten kanssa? Jotakin tehdess\u00e4?<br \/>\n<b>\u00b7 Mik\u00e4 vahvuus se voisi olla?<\/b><br \/>\n<span class=\"wpcf7-form-control-wrap\" data-name=\"olotila_mukava\"><textarea cols=\"40\" rows=\"4\" maxlength=\"2000\" class=\"wpcf7-form-control wpcf7-textarea\" aria-invalid=\"false\" name=\"olotila_mukava\"><\/textarea><\/span> <\/label>\n<\/p>\n<p><label> <b>Mitk\u00e4 asiat sujuvat sinulta hyvin ilman suurta ponnistelua?<\/b><br \/>\n\u00b7 On todenn\u00e4k\u00f6ist\u00e4, ett\u00e4 k\u00e4yt\u00e4t tekemisess\u00e4 vahvuuksiasi jollakin tavalla.<br \/>\n<span class=\"wpcf7-form-control-wrap\" data-name=\"ilman_ponnistelua\"><textarea cols=\"40\" rows=\"4\" maxlength=\"2000\" class=\"wpcf7-form-control wpcf7-textarea\" aria-invalid=\"false\" name=\"ilman_ponnistelua\"><\/textarea><\/span> <\/label>\n<\/p>\n<p><label> <b>Mihin kiinnit\u00e4t huomiotasi esimerkiksi lukiessasi lehte\u00e4, selatessasi internetti\u00e4 tai kulkiessasi vieraassa paikassa?<\/b><br \/>\n<span class=\"wpcf7-form-control-wrap\" data-name=\"mitka_sujuvat\"><textarea cols=\"40\" rows=\"3\" maxlength=\"2000\" class=\"wpcf7-form-control wpcf7-textarea\" aria-invalid=\"false\" name=\"mitka_sujuvat\"><\/textarea><\/span> <\/label>\n<\/p>\n<p><label> <b>Millaisia asioita tehdess\u00e4si tunnet olosi innokkaaksi ja energiseksi?<\/b><br \/>\n<span class=\"wpcf7-form-control-wrap\" data-name=\"mista_innostus_ja_energia\"><textarea cols=\"40\" rows=\"3\" maxlength=\"2000\" class=\"wpcf7-form-control wpcf7-textarea\" aria-invalid=\"false\" name=\"mista_innostus_ja_energia\"><\/textarea><\/span><\/label>\n<\/p>\n<p><label> <b>Mit\u00e4 asioita teet ihan niiden itsens\u00e4 vuoksi?<\/b><br \/>\nVahva sis\u00e4inen motivaatio kertoo usein vahvuuksista.<br \/>\n<span class=\"wpcf7-form-control-wrap\" data-name=\"itseni_vuoksi\"><textarea cols=\"40\" rows=\"3\" maxlength=\"2000\" class=\"wpcf7-form-control wpcf7-textarea\" aria-invalid=\"false\" name=\"itseni_vuoksi\"><\/textarea><\/span><\/label>\n<\/p>\n<p><label> <b>Kysy kaverilta tai keskustele kotona vahvuuksistasi<\/b><br \/>\nPyyd\u00e4 muutamaa sinut hyvin tuntevaa henkil\u00f6\u00e4 nime\u00e4m\u00e4\u00e4n kolme vahvuutta, jotka sinulla heid\u00e4n mielest\u00e4\u00e4n on.<br \/>\n<span class=\"wpcf7-form-control-wrap\" data-name=\"kysy_kaverilta\"><textarea cols=\"40\" rows=\"1\" maxlength=\"2000\" class=\"wpcf7-form-control wpcf7-textarea\" aria-invalid=\"false\" name=\"kysy_kaverilta\"><\/textarea><\/span><\/label>\n<\/p>\n<p><label> <b>Lue, mit\u00e4 kirjoitit. Mit\u00e4 l\u00f6ysit itsest\u00e4si? Mitk\u00e4 asiat nousevat esille? Toistuuko joku asia? Voit hy\u00f6dynt\u00e4\u00e4 sivun lopussa olevaa luetteloa. Kirjaa t\u00e4h\u00e4n 1-3 vahvuuttasi, joiden huomaat toistuvan tai ovat mielest\u00e4si ylitse muiden.<\/b><br \/>\n<span class=\"wpcf7-form-control-wrap\" data-name=\"kolme_vahvuutta\"><textarea cols=\"40\" rows=\"1\" maxlength=\"2000\" class=\"wpcf7-form-control wpcf7-textarea\" aria-invalid=\"false\" name=\"kolme_vahvuutta\"><\/textarea><\/span><\/label>\n<\/p>\n<span class=\"wpcf7-form-control-wrap recaptcha\" data-name=\"recaptcha\"><span data-sitekey=\"6LeOnvkUAAAAAJeGbMSoQ24x21-uSvajm00IjnSE\" class=\"wpcf7-form-control wpcf7-recaptcha g-recaptcha\"><\/span>\r\n<noscript>\r\n\t<div class=\"grecaptcha-noscript\">\r\n\t\t<iframe src=\"https:\/\/www.recaptcha.net\/recaptcha\/api\/fallback?k=6LeOnvkUAAAAAJeGbMSoQ24x21-uSvajm00IjnSE\" frameborder=\"0\" scrolling=\"no\" width=\"310\" height=\"430\">\r\n\t\t<\/iframe>\r\n\t\t<textarea name=\"g-recaptcha-response\" rows=\"3\" cols=\"40\" placeholder=\"reCaptcha Response Here\">\r\n\t\t<\/textarea>\r\n\t<\/div>\r\n<\/noscript>\r\n<\/span>\n<p><input class=\"wpcf7-form-control wpcf7-submit has-spinner\" type=\"submit\" value=\"L\u00e4het\u00e4\" \/><br \/>\nL\u00e4het\u00e4 vastauksesi omaan s\u00e4hk\u00f6postiin ja tallenna teht\u00e4v\u00e4 itsellesi.\n<\/p><div class=\"wpcf7-response-output\" aria-hidden=\"true\"><\/div>\n<\/form>\n<\/div>\n<h5><b>Taitoja, vahvuuksia ja luonteenpiirteit\u00e4<\/b><\/h5><p>\u2022 joustavuus \u2022 johdonmukaisuus \u2022 ennakkoluulottomuus \u2022 huolellisuus \u2022 suvaitsevaisuus \u2022 tarkkuus \u2022 avarakatseisuus \u2022 taloudellisuus \u2022 my\u00f6nteisyys \u2022 realistisuus \u2022 luonnollisuus \u2022 vuorovaikutustaidot \u2022 tiedonhalu \u2022 oppimishalu\u00a0 \u2022 sosiaalisuus \u2022 p\u00e4\u00e4tt\u00e4v\u00e4isyys \u2022 yst\u00e4v\u00e4llisyys \u2022 itsevarmuus \u2022 kohteliaisuus \u2022 kunnianhimoisuus \u2022 palveluhenkisyys \u2022 luotettavuus \u2022 digitaidot \u2022 huumorintaju \u2022 rehellisyys \u2022 sanavalmius \u2022 vastuullisuus \u2022 iloisuus \u2022 esiintymistaito \u2022 ahkeruus \u2022 yhteisty\u00f6taidot \u2022 innokkuus \u2022 hyv\u00e4 ihmistuntemus \u2022 oma-aloitteisuus \u2022 neuvottelu- ja sovittelutaito \u2022 aktiivisuus \u2022 monikulttuurisuustaidot \u2022 ty\u00f6skentely yksin \u2022 kekseli\u00e4isyys \u2022 kielitaito \u2022 suullinen ilmaisutaito \u2022 luovuus \u2022 kirjallinen ilmaisutaito \u2022 omaper\u00e4isyys \u2022 paineen sietokyky \u2022 taiteellisuus \u2022 nopeus \u2022 tarmokkuus \u2022 ep\u00e4varmuuden siet\u00e4minen \u2022 rentous \u2022 rauhallisuus \u2022 matemaattinen lahjakkuus \u2022 pitk\u00e4j\u00e4nteisyys \u2022 p\u00e4\u00e4ttelytaito \u2022 sinnikkyys \u2022 herkkyys \u2022 avaruudellinen hahmottaminen \u2022 harkitsevuus \u2022 j\u00e4rjestelm\u00e4llisyys \u2022 tunne\u00e4lykkyys \u2022 suunnitelmallisuus \u2022 tiedon hakutaito \u2022 ohjelmointiosaaminen \u2022 tekstink\u00e4sittely \u2022 k\u00e4dentaidot \u2022 ohjelmointi \u2022 sormin\u00e4pp\u00e4ryys \u2022 digitaidot \u2022 empaattisuus \u2022 tavoitteellisuus \u2022 kest\u00e4vyyskunto \u2022 organisointitaito \u2022 suunnittelutaito \u2022 ongelmanratkaisutaito \u2022 vilkkaus \u2022 p\u00e4\u00e4t\u00f6ksentekotaito \u2022 koneiden ja laitteiden k\u00e4ytt\u00f6taidot \u2022 koneiden ja laitteiden korjaustaidot \u2022 rakennustaidot \u2022 ajotaito \u2022 siisteys \u2022 ruoanvalmistustaidot \u2022 hoivaaminen \u2022 ohjaaminen \u2022 tyylien ja trendien tuntemus \u2022 musikaalisuus \u2022 kuvataiteelliset taidot \u2022 k\u00e4sity\u00f6taidot \u2022 myyntitaidot \u2022 esittelytaidot \u2022 asiakaspalvelutaidot \u2022 kulttuurien tuntemus \u2022 er\u00e4taidot \u2022 luonnon tuntemus \u2022 uteliaisuus \u2022 ymp\u00e4rist\u00f6osaaminen \u2022 kriittiset ajattelutaidot \u2022 j\u00e4m\u00e4kkyys \u2022 neuvokkuus \u2022 idearikkaus \u2022 pitk\u00e4j\u00e4nteisyys \u2022 sisukkuus \u2022 neuvokkuus \u2022 j\u00e4rkevyys \u2022 m\u00e4\u00e4r\u00e4tietoisuus \u2022 sopeutuvaisuus \u2022 itseohjautuvuus \u2022 ajanhallintataidot \u2022 reagointikyky<\/p><p><strong>L\u00e4hde<\/strong>:<i> Oikeita t\u00f6it\u00e4, Valmentaja 2018, OPH Osaamiskorttipakka<\/i><\/p><\/div>\n\t\t\t\t\t\t\t<\/div>\n\t\t<\/div>\n\t\t\t\t\t\t<\/div>\n\t\t\t\t<\/div>\n\t\t\t\t\t<\/div>\n\t\t<\/div>\n\t\t\t\t\t<\/div>\n\t\t<\/section>\n\t\t\t\t<\/div>\n\t\t","protected":false},"excerpt":{"rendered":"<p>Itsetuntemus Itsetuntemus on sit\u00e4, ett\u00e4 tiet\u00e4\u00e4 kuka ja millainen on ihmisen\u00e4. Itsetuntemus vaikuttaa hyvinvointiin, auttaa ymm\u00e4rt\u00e4m\u00e4\u00e4n itse\u00e4 ja omaa toimintaa. Omien vahvuuksien tunnistaminen ja itsens\u00e4 kehitt\u00e4minen tukevat hyv\u00e4\u00e4 itsetuntoa. My\u00f6s ammatinvalinnan n\u00e4k\u00f6kulmasta on t\u00e4rke\u00e4\u00e4 ymm\u00e4rt\u00e4\u00e4, millainen on ihmisen\u00e4 sek\u00e4 mitk\u00e4 ovat omat vahvuudet ja heikkoudet. Millaisessa ty\u00f6ss\u00e4 voisi viihty\u00e4 ja millaisia asioita arvostaa? Mit\u00e4 odottaa [&hellip;]<\/p>\n","protected":false},"author":1,"featured_media":0,"parent":0,"menu_order":0,"comment_status":"closed","ping_status":"closed","template":"","meta":{"content-type":"","footnotes":""},"class_list":["post-23","page","type-page","status-publish","hentry"],"_links":{"self":[{"href":"https:\/\/kohtiammattia.riveria.fi\/index.php?rest_route=\/wp\/v2\/pages\/23","targetHints":{"allow":["GET"]}}],"collection":[{"href":"https:\/\/kohtiammattia.riveria.fi\/index.php?rest_route=\/wp\/v2\/pages"}],"about":[{"href":"https:\/\/kohtiammattia.riveria.fi\/index.php?rest_route=\/wp\/v2\/types\/page"}],"author":[{"embeddable":true,"href":"https:\/\/kohtiammattia.riveria.fi\/index.php?rest_route=\/wp\/v2\/users\/1"}],"replies":[{"embeddable":true,"href":"https:\/\/kohtiammattia.riveria.fi\/index.php?rest_route=%2Fwp%2Fv2%2Fcomments&post=23"}],"version-history":[{"count":104,"href":"https:\/\/kohtiammattia.riveria.fi\/index.php?rest_route=\/wp\/v2\/pages\/23\/revisions"}],"predecessor-version":[{"id":574,"href":"https:\/\/kohtiammattia.riveria.fi\/index.php?rest_route=\/wp\/v2\/pages\/23\/revisions\/574"}],"wp:attachment":[{"href":"https:\/\/kohtiammattia.riveria.fi\/index.php?rest_route=%2Fwp%2Fv2%2Fmedia&parent=23"}],"curies":[{"name":"wp","href":"https:\/\/api.w.org\/{rel}","templated":true}]}}